{"id":381,"date":"2020-10-26T18:34:16","date_gmt":"2020-10-26T18:34:16","guid":{"rendered":"https:\/\/natuerlich-jaeger.de\/WP\/?page_id=381"},"modified":"2020-10-26T18:49:52","modified_gmt":"2020-10-26T18:49:52","slug":"beitraege","status":"publish","type":"page","link":"https:\/\/natuerlich-jaeger.de\/?page_id=381","title":{"rendered":"Beitr\u00e4ge"},"content":{"rendered":"\n<h2 class=\"wp-block-heading\"><\/h2>\n\n\n\n<div class=\"wp-block-columns is-layout-flex wp-container-core-columns-is-layout-9d6595d7 wp-block-columns-is-layout-flex\">\n<div class=\"wp-block-column is-layout-flow wp-block-column-is-layout-flow\">\n<h2 class=\"has-text-align-right wp-block-heading\">Beitr\u00e4ge:<\/h2>\n\n\n<ul class=\"wp-block-latest-posts__list alignright wp-block-latest-posts\"><li><a class=\"wp-block-latest-posts__post-title\" href=\"https:\/\/natuerlich-jaeger.de\/?p=579\">Einladung<\/a><\/li>\n<li><a class=\"wp-block-latest-posts__post-title\" href=\"https:\/\/natuerlich-jaeger.de\/?p=88\">Echinacea purpurea<\/a><\/li>\n<li><a class=\"wp-block-latest-posts__post-title\" href=\"https:\/\/natuerlich-jaeger.de\/?p=204\">Johanniskraut<\/a><\/li>\n<li><a class=\"wp-block-latest-posts__post-title\" href=\"https:\/\/natuerlich-jaeger.de\/?p=81\">Ringelblume<\/a><\/li>\n<li><a class=\"wp-block-latest-posts__post-title\" href=\"https:\/\/natuerlich-jaeger.de\/?p=1\">WAS ist gut f\u00fcr MICH?<\/a><\/li>\n<\/ul><\/div>\n\n\n\n<div class=\"wp-block-column is-layout-flow wp-block-column-is-layout-flow\">\n<div style=\"height:64px\" aria-hidden=\"true\" class=\"wp-block-spacer\"><\/div>\n\n\n\n<p class=\"has-drop-cap\"><\/p>\n<\/div>\n<\/div>\n\n\n\n<div class=\"wp-block-columns is-layout-flex wp-container-core-columns-is-layout-9d6595d7 wp-block-columns-is-layout-flex\">\n<div class=\"wp-block-column is-layout-flow wp-block-column-is-layout-flow\">\n<h2 class=\"has-text-align-right wp-block-heading\">Kategorien:<\/h2>\n\n\n<ul class=\"wp-block-categories-list alignright wp-block-categories\">\t<li class=\"cat-item cat-item-21\"><a href=\"https:\/\/natuerlich-jaeger.de\/?cat=21\">Aktiv<\/a>\n<\/li>\n\t<li class=\"cat-item cat-item-9\"><a href=\"https:\/\/natuerlich-jaeger.de\/?cat=9\">Infoblatt<\/a>\n<\/li>\n<\/ul><\/div>\n\n\n\n<div class=\"wp-block-column is-layout-flow wp-block-column-is-layout-flow\">\n<div style=\"height:24px\" aria-hidden=\"true\" class=\"wp-block-spacer\"><\/div>\n\n\n\n<p class=\"has-drop-cap\">Die Beitr\u00e4ge <br>sind in Kategorien <br>organisiert.<\/p>\n\n\n\n<div style=\"height:26px\" aria-hidden=\"true\" class=\"wp-block-spacer\"><\/div>\n\n\n\n<p><\/p>\n\n\n\n<p><strong>Aktiv <\/strong>&#8211; nicht nur im medizinischen Bereich gibt es viel zu erfahren. Beitr\u00e4ge aus den Bereichen Lebensmittel, Leben und  Gesundheit.<\/p>\n\n\n\n<p><strong>Infoblatt <\/strong>&#8211; Interessantes und Wissenswertes kurz und knapp vorgestellt: Beitr\u00e4ge aus der Heilkunde.<\/p>\n<\/div>\n<\/div>\n\n\n\n<p><\/p>\n","protected":false},"excerpt":{"rendered":"<p>Beitr\u00e4ge: Kategorien: Die Beitr\u00e4ge sind in Kategorien organisiert. Aktiv &#8211; nicht nur im medizinischen Bereich gibt es viel zu erfahren. Beitr\u00e4ge aus den Bereichen Lebensmittel, Leben und Gesundheit. Infoblatt &#8211; Interessantes und Wissenswertes kurz und knapp vorgestellt: Beitr\u00e4ge aus der Heilkunde.<\/p>\n","protected":false},"author":1,"featured_media":0,"parent":0,"menu_order":0,"comment_status":"closed","ping_status":"closed","template":"","meta":{"footnotes":""},"class_list":["post-381","page","type-page","status-publish","hentry"],"_links":{"self":[{"href":"https:\/\/natuerlich-jaeger.de\/index.php?rest_route=\/wp\/v2\/pages\/381","targetHints":{"allow":["GET"]}}],"collection":[{"href":"https:\/\/natuerlich-jaeger.de\/index.php?rest_route=\/wp\/v2\/pages"}],"about":[{"href":"https:\/\/natuerlich-jaeger.de\/index.php?rest_route=\/wp\/v2\/types\/page"}],"author":[{"embeddable":true,"href":"https:\/\/natuerlich-jaeger.de\/index.php?rest_route=\/wp\/v2\/users\/1"}],"replies":[{"embeddable":true,"href":"https:\/\/natuerlich-jaeger.de\/index.php?rest_route=%2Fwp%2Fv2%2Fcomments&post=381"}],"version-history":[{"count":13,"href":"https:\/\/natuerlich-jaeger.de\/index.php?rest_route=\/wp\/v2\/pages\/381\/revisions"}],"predecessor-version":[{"id":395,"href":"https:\/\/natuerlich-jaeger.de\/index.php?rest_route=\/wp\/v2\/pages\/381\/revisions\/395"}],"wp:attachment":[{"href":"https:\/\/natuerlich-jaeger.de\/index.php?rest_route=%2Fwp%2Fv2%2Fmedia&parent=381"}],"curies":[{"name":"wp","href":"https:\/\/api.w.org\/{rel}","templated":true}]}}