{"id":37,"date":"2020-10-18T13:03:48","date_gmt":"2020-10-18T13:03:48","guid":{"rendered":"https:\/\/natuerlich-jaeger.de\/WP\/?page_id=37"},"modified":"2022-05-02T14:19:24","modified_gmt":"2022-05-02T14:19:24","slug":"termine","status":"publish","type":"page","link":"https:\/\/natuerlich-jaeger.de\/?page_id=37","title":{"rendered":"Im Netzwerk"},"content":{"rendered":"\n<div class=\"wp-block-columns is-layout-flex wp-container-core-columns-is-layout-9d6595d7 wp-block-columns-is-layout-flex\">\n<div class=\"wp-block-column is-layout-flow wp-block-column-is-layout-flow\">\n<figure class=\"wp-block-image size-large is-style-default\"><a href=\"https:\/\/www.kompetenzzentrum-homoeopathie.de\/\" target=\"_blank\" rel=\"noopener noreferrer\"><img loading=\"lazy\" decoding=\"async\" width=\"350\" height=\"95\" src=\"https:\/\/natuerlich-jaeger.de\/wp-content\/uploads\/2020\/10\/logo_akhc.jpg\" alt=\"Logo AKHC (Arbeitskreis Klassische Hom\u00f6opathie Chiemgau)\" class=\"wp-image-156\" srcset=\"https:\/\/natuerlich-jaeger.de\/wp-content\/uploads\/2020\/10\/logo_akhc.jpg 350w, https:\/\/natuerlich-jaeger.de\/wp-content\/uploads\/2020\/10\/logo_akhc-300x81.jpg 300w, https:\/\/natuerlich-jaeger.de\/wp-content\/uploads\/2020\/10\/logo_akhc-221x60.jpg 221w\" sizes=\"auto, (max-width: 350px) 100vw, 350px\" \/><\/a><\/figure>\n\n\n\n<div style=\"height:36px\" aria-hidden=\"true\" class=\"wp-block-spacer\"><\/div>\n\n\n\n<figure class=\"wp-block-image size-large is-style-default\"><a href=\"https:\/\/www.vkhd.de\/\" target=\"_blank\" rel=\"noopener noreferrer\"><img loading=\"lazy\" decoding=\"async\" width=\"1024\" height=\"391\" src=\"https:\/\/natuerlich-jaeger.de\/wp-content\/uploads\/2020\/10\/logo_vkhd-1024x391.png\" alt=\"Logo VKHD (Verband klassicher H\u00f6m\u00f6opathen Deutschlads e.V.\" class=\"wp-image-157\" srcset=\"https:\/\/natuerlich-jaeger.de\/wp-content\/uploads\/2020\/10\/logo_vkhd-1024x391.png 1024w, https:\/\/natuerlich-jaeger.de\/wp-content\/uploads\/2020\/10\/logo_vkhd-300x115.png 300w, https:\/\/natuerlich-jaeger.de\/wp-content\/uploads\/2020\/10\/logo_vkhd-768x293.png 768w, https:\/\/natuerlich-jaeger.de\/wp-content\/uploads\/2020\/10\/logo_vkhd-157x60.png 157w, https:\/\/natuerlich-jaeger.de\/wp-content\/uploads\/2020\/10\/logo_vkhd.png 1484w\" sizes=\"auto, (max-width: 1024px) 100vw, 1024px\" \/><\/a><\/figure>\n<\/div>\n\n\n\n<div class=\"wp-block-column is-layout-flow wp-block-column-is-layout-flow\">\n<div class=\"wp-block-image is-style-default\"><figure class=\"aligncenter size-large is-resized\"><a href=\"https:\/\/natuerlich-jaeger.de\/?page_id=236\"><img loading=\"lazy\" decoding=\"async\" src=\"https:\/\/natuerlich-jaeger.de\/wp-content\/uploads\/2020\/10\/logo_igfuer.jpg\" alt=\"IG F\u00dcR - Interessengemeinschaft f\u00fcr gesunde Lebensmittel\" class=\"wp-image-196\" width=\"92\" height=\"119\" srcset=\"https:\/\/natuerlich-jaeger.de\/wp-content\/uploads\/2020\/10\/logo_igfuer.jpg 591w, https:\/\/natuerlich-jaeger.de\/wp-content\/uploads\/2020\/10\/logo_igfuer-231x300.jpg 231w, https:\/\/natuerlich-jaeger.de\/wp-content\/uploads\/2020\/10\/logo_igfuer-46x60.jpg 46w\" sizes=\"auto, (max-width: 92px) 100vw, 92px\" \/><\/a><\/figure><\/div>\n\n\n\n<div style=\"height:27px\" aria-hidden=\"true\" class=\"wp-block-spacer\"><\/div>\n\n\n\n<div class=\"wp-block-image is-style-default\"><figure class=\"aligncenter size-large is-resized\"><a href=\"https:\/\/www.georg-apotheke-traunstein.de\/\" target=\"_blank\" rel=\"noopener noreferrer\"><img loading=\"lazy\" decoding=\"async\" src=\"https:\/\/natuerlich-jaeger.de\/wp-content\/uploads\/2020\/10\/logo_st-georg-apotheke.png\" alt=\"St. Georg Apotheke Traunstein\" class=\"wp-image-198\" width=\"98\" height=\"96\" srcset=\"https:\/\/natuerlich-jaeger.de\/wp-content\/uploads\/2020\/10\/logo_st-georg-apotheke.png 160w, https:\/\/natuerlich-jaeger.de\/wp-content\/uploads\/2020\/10\/logo_st-georg-apotheke-61x60.png 61w\" sizes=\"auto, (max-width: 98px) 100vw, 98px\" \/><\/a><\/figure><\/div>\n\n\n\n<p><\/p>\n<\/div>\n\n\n\n<div class=\"wp-block-column is-layout-flow wp-block-column-is-layout-flow\">\n<div style=\"height:25px\" aria-hidden=\"true\" class=\"wp-block-spacer\"><\/div>\n\n\n\n<figure class=\"wp-block-image size-large is-resized is-style-default\"><a href=\"https:\/\/natuerlich-jaeger.de\/?page_id=266\"><img loading=\"lazy\" decoding=\"async\" src=\"https:\/\/natuerlich-jaeger.de\/wp-content\/uploads\/2020\/11\/logo_mitter-angelika_rgb.jpg\" alt=\"Naturheilpraxis Hom\u00f6opathie Pflanzenheilkunde Angelika Mitter\" class=\"wp-image-509\" width=\"152\" height=\"72\" srcset=\"https:\/\/natuerlich-jaeger.de\/wp-content\/uploads\/2020\/11\/logo_mitter-angelika_rgb.jpg 607w, https:\/\/natuerlich-jaeger.de\/wp-content\/uploads\/2020\/11\/logo_mitter-angelika_rgb-300x142.jpg 300w, https:\/\/natuerlich-jaeger.de\/wp-content\/uploads\/2020\/11\/logo_mitter-angelika_rgb-127x60.jpg 127w\" sizes=\"auto, (max-width: 152px) 100vw, 152px\" \/><\/a><\/figure>\n\n\n\n<p><\/p>\n\n\n\n<p><\/p>\n<\/div>\n<\/div>\n\n\n\n<div class=\"wp-block-image\"><figure class=\"aligncenter size-full\"><a href=\"https:\/\/www.kompetenzzentrum-homoeopathie.de\/\" target=\"_blank\" rel=\"noopener\"><img loading=\"lazy\" decoding=\"async\" width=\"728\" height=\"90\" src=\"https:\/\/natuerlich-jaeger.de\/wp-content\/uploads\/2022\/05\/hpt2022_banner_728x90_jaeger-monika.jpg\" alt=\"7. Traunsteiner Hom\u00f6opathietage - ONLINE-Kongress &amp; LIVE-Veranstaltung\" class=\"wp-image-616\" srcset=\"https:\/\/natuerlich-jaeger.de\/wp-content\/uploads\/2022\/05\/hpt2022_banner_728x90_jaeger-monika.jpg 728w, https:\/\/natuerlich-jaeger.de\/wp-content\/uploads\/2022\/05\/hpt2022_banner_728x90_jaeger-monika-300x37.jpg 300w, https:\/\/natuerlich-jaeger.de\/wp-content\/uploads\/2022\/05\/hpt2022_banner_728x90_jaeger-monika-485x60.jpg 485w\" sizes=\"auto, (max-width: 728px) 100vw, 728px\" \/><\/a><\/figure><\/div>\n\n\n\n<p><\/p>\n\n\n\n<figure class=\"wp-block-image size-large is-style-rounded\"><img loading=\"lazy\" decoding=\"async\" width=\"1024\" height=\"683\" src=\"https:\/\/natuerlich-jaeger.de\/wp-content\/uploads\/2020\/10\/jaegermonika_pic_netzwerk-2-1024x683.jpg\" alt=\"MONIKA JAEGER Heilpraktikerin - Im Netzwerk - Gemeinsam! Hand in Hand\" class=\"wp-image-195\" srcset=\"https:\/\/natuerlich-jaeger.de\/wp-content\/uploads\/2020\/10\/jaegermonika_pic_netzwerk-2-1024x683.jpg 1024w, https:\/\/natuerlich-jaeger.de\/wp-content\/uploads\/2020\/10\/jaegermonika_pic_netzwerk-2-300x200.jpg 300w, https:\/\/natuerlich-jaeger.de\/wp-content\/uploads\/2020\/10\/jaegermonika_pic_netzwerk-2-768x513.jpg 768w, https:\/\/natuerlich-jaeger.de\/wp-content\/uploads\/2020\/10\/jaegermonika_pic_netzwerk-2-450x300.jpg 450w, https:\/\/natuerlich-jaeger.de\/wp-content\/uploads\/2020\/10\/jaegermonika_pic_netzwerk-2-90x60.jpg 90w, https:\/\/natuerlich-jaeger.de\/wp-content\/uploads\/2020\/10\/jaegermonika_pic_netzwerk-2.jpg 1500w\" sizes=\"auto, (max-width: 1024px) 100vw, 1024px\" \/><\/figure>\n\n\n\n<blockquote class=\"wp-block-quote is-style-default is-layout-flow wp-block-quote-is-layout-flow\"><p>Mehr Miteinander, weniger Nebeneinander, schon gar nicht Gegeneinander im Grunde F\u00fcreinander&#8220;<\/p><cite>Georg Sedlmaier &#8211; Gr\u00fcnder der IG F\u00dcR &#8211; <a href=\"http:\/\/www.ig-fuer.de\" target=\"_blank\" rel=\"noreferrer noopener\">www.ig-fuer.de<\/a><\/cite><\/blockquote>\n","protected":false},"excerpt":{"rendered":"<p>Mehr Miteinander, weniger Nebeneinander, schon gar nicht Gegeneinander im Grunde F\u00fcreinander&#8220; Georg Sedlmaier &#8211; Gr\u00fcnder der IG F\u00dcR &#8211; www.ig-fuer.de<\/p>\n","protected":false},"author":1,"featured_media":0,"parent":0,"menu_order":0,"comment_status":"closed","ping_status":"closed","template":"","meta":{"footnotes":""},"class_list":["post-37","page","type-page","status-publish","hentry"],"_links":{"self":[{"href":"https:\/\/natuerlich-jaeger.de\/index.php?rest_route=\/wp\/v2\/pages\/37","targetHints":{"allow":["GET"]}}],"collection":[{"href":"https:\/\/natuerlich-jaeger.de\/index.php?rest_route=\/wp\/v2\/pages"}],"about":[{"href":"https:\/\/natuerlich-jaeger.de\/index.php?rest_route=\/wp\/v2\/types\/page"}],"author":[{"embeddable":true,"href":"https:\/\/natuerlich-jaeger.de\/index.php?rest_route=\/wp\/v2\/users\/1"}],"replies":[{"embeddable":true,"href":"https:\/\/natuerlich-jaeger.de\/index.php?rest_route=%2Fwp%2Fv2%2Fcomments&post=37"}],"version-history":[{"count":21,"href":"https:\/\/natuerlich-jaeger.de\/index.php?rest_route=\/wp\/v2\/pages\/37\/revisions"}],"predecessor-version":[{"id":620,"href":"https:\/\/natuerlich-jaeger.de\/index.php?rest_route=\/wp\/v2\/pages\/37\/revisions\/620"}],"wp:attachment":[{"href":"https:\/\/natuerlich-jaeger.de\/index.php?rest_route=%2Fwp%2Fv2%2Fmedia&parent=37"}],"curies":[{"name":"wp","href":"https:\/\/api.w.org\/{rel}","templated":true}]}}