{"id":36,"date":"2020-10-18T13:03:40","date_gmt":"2020-10-18T13:03:40","guid":{"rendered":"https:\/\/natuerlich-jaeger.de\/WP\/?page_id=36"},"modified":"2022-05-02T14:43:38","modified_gmt":"2022-05-02T14:43:38","slug":"zu-meiner-person","status":"publish","type":"page","link":"https:\/\/natuerlich-jaeger.de\/?page_id=36","title":{"rendered":"Zu meiner Person"},"content":{"rendered":"\n<div class=\"wp-block-columns is-layout-flex wp-container-core-columns-is-layout-9d6595d7 wp-block-columns-is-layout-flex\">\n<div class=\"wp-block-column is-layout-flow wp-block-column-is-layout-flow\">\n<div class=\"wp-block-image is-style-rounded\"><figure class=\"aligncenter size-full\"><img loading=\"lazy\" decoding=\"async\" width=\"186\" height=\"186\" src=\"https:\/\/natuerlich-jaeger.de\/wp-content\/uploads\/2022\/05\/jaeger-monika_pic_foto.jpg\" alt=\"MONIKA JAEGER Heilpraktikerin, VKHD Mitglied, im Arbeitskreis f\u00fcr klassische Hom\u00f6opathie Chiemgau\" class=\"wp-image-621\" srcset=\"https:\/\/natuerlich-jaeger.de\/wp-content\/uploads\/2022\/05\/jaeger-monika_pic_foto.jpg 186w, https:\/\/natuerlich-jaeger.de\/wp-content\/uploads\/2022\/05\/jaeger-monika_pic_foto-150x150.jpg 150w, https:\/\/natuerlich-jaeger.de\/wp-content\/uploads\/2022\/05\/jaeger-monika_pic_foto-60x60.jpg 60w\" sizes=\"auto, (max-width: 186px) 100vw, 186px\" \/><figcaption>Heilpraktikerin<br>MONIKA JAEGER<span class=\"has-inline-color has-luminous-vivid-orange-color\"><br><br><\/span><span style=\"color:#009fe3\" class=\"has-inline-color\"><em>Sie ist mit ihrer Praxis f\u00fcr klassische Hom\u00f6opathie gerne f\u00fcr Sie da! <br><br>Auf nat\u00fcrliche Weise k\u00f6nnen Sie sich besser f\u00fchlen.<\/em><\/span><\/figcaption><\/figure><\/div>\n\n\n\n<p><\/p>\n\n\n\n<p><\/p>\n\n\n\n<p class=\"has-text-align-left\"><\/p>\n\n\n\n<p><\/p>\n<\/div>\n\n\n\n<div class=\"wp-block-column is-layout-flow wp-block-column-is-layout-flow\">\n<p><strong>VKHD <\/strong>Mitglied &amp;<br>Mitglied <strong>AKHC<\/strong><\/p>\n\n\n\n<hr class=\"wp-block-separator\"\/>\n\n\n\n<p>VKHD (<em>Verband klassischer Hom\u00f6opathen Deutschlands e.V.<\/em>)<\/p>\n\n\n\n<figure class=\"wp-block-image is-resized is-style-default\"><img loading=\"lazy\" decoding=\"async\" src=\"https:\/\/natuerlich-jaeger.de\/wp-content\/uploads\/2020\/10\/logo_vkhd-1024x391.png\" alt=\"Logo VKHD (Verband klassicher H\u00f6m\u00f6opathen Deutschlads e.V.\" width=\"256\" height=\"98\"\/><figcaption><a rel=\"noreferrer noopener\" href=\"https:\/\/www.vkhd.de\/\" target=\"_blank\">https:\/\/www.vkhd.de\/<\/a><\/figcaption><\/figure>\n\n\n\n<hr class=\"wp-block-separator\"\/>\n\n\n\n<p><em>AKHC (Arbeitskreis Klassische Hom\u00f6opathie)<\/em><\/p>\n\n\n\n<figure class=\"wp-block-image size-large is-resized is-style-default\"><a href=\"https:\/\/www.kompetenzzentrum-homoeopathie.de\/\"><img loading=\"lazy\" decoding=\"async\" src=\"https:\/\/natuerlich-jaeger.de\/wp-content\/uploads\/2020\/10\/logo_akhc.jpg\" alt=\"Logo AKHC (Arbeitskreis Klassische Hom\u00f6opathie Chiemgau)\" class=\"wp-image-156\" width=\"263\" height=\"71\" srcset=\"https:\/\/natuerlich-jaeger.de\/wp-content\/uploads\/2020\/10\/logo_akhc.jpg 350w, https:\/\/natuerlich-jaeger.de\/wp-content\/uploads\/2020\/10\/logo_akhc-300x81.jpg 300w, https:\/\/natuerlich-jaeger.de\/wp-content\/uploads\/2020\/10\/logo_akhc-221x60.jpg 221w\" sizes=\"auto, (max-width: 263px) 100vw, 263px\" \/><\/a><figcaption><a rel=\"noreferrer noopener\" href=\"https:\/\/www.kompetenzzentrum-homoeopathie.de\/\" target=\"_blank\">https:\/\/www.kompetenzzentrum-homoeopathie.de\/<\/a><\/figcaption><\/figure>\n<\/div>\n<\/div>\n\n\n\n<hr class=\"wp-block-separator\"\/>\n\n\n\n<p><strong>1973<\/strong><br>geb. am 18.11.1973 in Wasserburg\/Inn, Tochter von Hans und Maria H\u00f6schl<\/p>\n\n\n\n<p><strong>1990<\/strong> <br>Realschulabschluss Juli 1990 Anton-\u00adHeilingbrunner-Schule, Wasserburg\/Inn<\/p>\n\n\n\n<p><strong>1993<\/strong> <br>Bestehen der Bankkaufmannspr\u00fcfung vor der IHK M\u00fcnchen im Januar 1993<\/p>\n\n\n\n<p><strong>1999<\/strong><br>seit Juli 1999 verheiratet mit Martin Jaeger<\/p>\n\n\n\n<p><strong>2000<\/strong><br>Geburt des ersten Sohnes Bernhard im Mai 2000<\/p>\n\n\n\n<p><strong>2002<\/strong><br>Geburt des zweiten Sohnes Anton im M\u00e4rz 2002<\/p>\n\n\n\n<p><strong>2006<\/strong><br>\u2022  Amtsarztpr\u00fcfung und Erlaubnis zur Aus\u00ad\u00fcbung der Heilkunde im November 2006<\/p>\n\n\n\n<p>\u2022  einj\u00e4hrige Fortbildung in klassischer \u00adHom\u00f6opathie bei Dr. Gottfried Dylong\/Heilpraktiker aus Ampfing<\/p>\n\n\n\n<p>\u2022 regelm\u00e4\u00dfige Hospitation bei Josef-Karl Graspeuntner, Lehrpraxis f\u00fcr \u00adklassische \u00adHom\u00f6opathie, Surberg\/Traunstein<\/p>\n\n\n\n<p><strong>2008<\/strong><br>April 2008: Grund- und Aufbaukurs in Fu\u00dfreflexzonenmassage \/ Ganzheitliche Fu\u00dfmassage bei der Paracelsus-Schule in Rosenheim<\/p>\n\n\n\n<p><strong>2009<\/strong><br>seit 2009 Mitglied im Qualit\u00e4tszirkel Klassische Hom\u00f6opathie f\u00fcr \u00c4rzte und Heilpraktiker in Traunstein \/ Chiemgau (www.akhc.de)<\/p>\n\n\n\n<p><strong>2012<\/strong><br>Geburt meiner Tochter Emma im Mai 2012<\/p>\n\n\n\n<p><\/p>\n","protected":false},"excerpt":{"rendered":"<p>VKHD Mitglied &amp;Mitglied AKHC VKHD (Verband klassischer Hom\u00f6opathen Deutschlands e.V.) AKHC (Arbeitskreis Klassische Hom\u00f6opathie) 1973geb. am 18.11.1973 in Wasserburg\/Inn, Tochter von Hans und Maria H\u00f6schl 1990 Realschulabschluss Juli 1990 Anton-\u00adHeilingbrunner-Schule, Wasserburg\/Inn 1993 Bestehen der Bankkaufmannspr\u00fcfung vor der IHK M\u00fcnchen im Januar 1993 1999seit Juli 1999 verheiratet mit Martin Jaeger 2000Geburt des ersten Sohnes Bernhard im &hellip; <\/p>\n","protected":false},"author":1,"featured_media":0,"parent":0,"menu_order":0,"comment_status":"closed","ping_status":"closed","template":"","meta":{"footnotes":""},"class_list":["post-36","page","type-page","status-publish","hentry"],"_links":{"self":[{"href":"https:\/\/natuerlich-jaeger.de\/index.php?rest_route=\/wp\/v2\/pages\/36","targetHints":{"allow":["GET"]}}],"collection":[{"href":"https:\/\/natuerlich-jaeger.de\/index.php?rest_route=\/wp\/v2\/pages"}],"about":[{"href":"https:\/\/natuerlich-jaeger.de\/index.php?rest_route=\/wp\/v2\/types\/page"}],"author":[{"embeddable":true,"href":"https:\/\/natuerlich-jaeger.de\/index.php?rest_route=\/wp\/v2\/users\/1"}],"replies":[{"embeddable":true,"href":"https:\/\/natuerlich-jaeger.de\/index.php?rest_route=%2Fwp%2Fv2%2Fcomments&post=36"}],"version-history":[{"count":38,"href":"https:\/\/natuerlich-jaeger.de\/index.php?rest_route=\/wp\/v2\/pages\/36\/revisions"}],"predecessor-version":[{"id":624,"href":"https:\/\/natuerlich-jaeger.de\/index.php?rest_route=\/wp\/v2\/pages\/36\/revisions\/624"}],"wp:attachment":[{"href":"https:\/\/natuerlich-jaeger.de\/index.php?rest_route=%2Fwp%2Fv2%2Fmedia&parent=36"}],"curies":[{"name":"wp","href":"https:\/\/api.w.org\/{rel}","templated":true}]}}