{"id":34,"date":"2020-10-18T13:03:11","date_gmt":"2020-10-18T13:03:11","guid":{"rendered":"https:\/\/natuerlich-jaeger.de\/WP\/?page_id=34"},"modified":"2020-10-20T13:25:49","modified_gmt":"2020-10-20T13:25:49","slug":"die-natuerliche-kraft","status":"publish","type":"page","link":"https:\/\/natuerlich-jaeger.de\/?page_id=34","title":{"rendered":"Die nat\u00fcrliche Kraft"},"content":{"rendered":"\n<h3 class=\"wp-block-heading\">Natur in ihrer ganzen Kraft<\/h3>\n\n\n\n<div class=\"wp-block-columns is-layout-flex wp-container-core-columns-is-layout-9d6595d7 wp-block-columns-is-layout-flex\">\n<div class=\"wp-block-column is-layout-flow wp-block-column-is-layout-flow\">\n<p class=\"has-drop-cap\"><strong>Im gesunden Zustand eines Menschen waltet eine geistartige, dynamische Lebenskraft.<\/strong> Sie h\u00e4lt alle \u00adLebens\u00advorg\u00e4nge in Harmonie, verleiht ihm alle Empfindungen und bewirkt alle Lebensverrichtungen. Durch sch\u00e4dliche \u201edynamische\u201c Einfl\u00fcsse kommt es zu \u201ewidrigen\u201c Empfindungen des Organismus und&nbsp;gest\u00f6rten Organfunktionen, was wir Krankheit nennen. Die krankhafte, dynamische St\u00f6rung und&nbsp;ihr Ausdruck in den sinnlich fassbaren Krankheitssymptomen sind eines. Krankheit ist kein gesondertes, vom&nbsp;lebenden Ganzen trennbares Ding und nicht materiell zu sehen. Darum kann eine Heilung auch nur dynamisch angeregt werden. Offenbare, krankheitsunterhaltende Ursachen sind zu erkennen und zu&nbsp;\u00adentfernen.<\/p>\n<\/div>\n\n\n\n<div class=\"wp-block-column is-layout-flow wp-block-column-is-layout-flow\">\n<p>Die Hom\u00f6opathie erfasst den Menschen in seiner Ganzheit. Die individuelle Krankheitsgeschichte, \u00adGem\u00fct, Charakter, Gewohnheiten, psychische UND k\u00f6rperliche Symptome sowie Erbbelastungen bilden eine \u00adGestalt und repr\u00e4sentieren die Krankheit im ganzen Umfang.<\/p>\n\n\n\n<p><\/p>\n\n\n\n<figure class=\"wp-block-gallery columns-1 is-cropped wp-block-gallery-1 is-layout-flex wp-block-gallery-is-layout-flex\"><ul class=\"blocks-gallery-grid\"><li class=\"blocks-gallery-item\"><figure><img loading=\"lazy\" decoding=\"async\" width=\"510\" height=\"298\" src=\"https:\/\/natuerlich-jaeger.de\/wp-content\/uploads\/2020\/10\/jaeger-monika_natuerlichekraft.jpg\" alt=\"Schaubild nat\u00fcrliche Kraft - Praxis f\u00fcr Hom\u00f6opathie MONIKA JAEGER\" data-id=\"123\" data-full-url=\"https:\/\/natuerlich-jaeger.de\/wp-content\/uploads\/2020\/10\/jaeger-monika_natuerlichekraft.jpg\" data-link=\"https:\/\/natuerlich-jaeger.de\/?attachment_id=123\" class=\"wp-image-123\" srcset=\"https:\/\/natuerlich-jaeger.de\/wp-content\/uploads\/2020\/10\/jaeger-monika_natuerlichekraft.jpg 510w, https:\/\/natuerlich-jaeger.de\/wp-content\/uploads\/2020\/10\/jaeger-monika_natuerlichekraft-300x175.jpg 300w, https:\/\/natuerlich-jaeger.de\/wp-content\/uploads\/2020\/10\/jaeger-monika_natuerlichekraft-103x60.jpg 103w\" sizes=\"auto, (max-width: 510px) 100vw, 510px\" \/><\/figure><\/li><\/ul><figcaption class=\"blocks-gallery-caption\"><a href=\"https:\/\/natuerlich-jaeger.de\/wp-content\/uploads\/2020\/10\/jaeger-monika_natuerlichekraft.pdf\" data-type=\"URL\" data-id=\"https:\/\/natuerlich-jaeger.de\/wp-content\/uploads\/2020\/10\/jaeger-monika_natuerlichekraft.pdf\" target=\"_blank\" rel=\"noreferrer noopener\">https:\/\/natuerlich-jaeger.de\/wp-content\/uploads\/2020\/10\/jaeger-monika_natuerlichekraft.pdf<\/a><\/figcaption><\/figure>\n<\/div>\n<\/div>\n","protected":false},"excerpt":{"rendered":"<p>Natur in ihrer ganzen Kraft Im gesunden Zustand eines Menschen waltet eine geistartige, dynamische Lebenskraft. Sie h\u00e4lt alle \u00adLebens\u00advorg\u00e4nge in Harmonie, verleiht ihm alle Empfindungen und bewirkt alle Lebensverrichtungen. Durch sch\u00e4dliche \u201edynamische\u201c Einfl\u00fcsse kommt es zu \u201ewidrigen\u201c Empfindungen des Organismus und&nbsp;gest\u00f6rten Organfunktionen, was wir Krankheit nennen. Die krankhafte, dynamische St\u00f6rung und&nbsp;ihr Ausdruck in den sinnlich &hellip; <\/p>\n","protected":false},"author":1,"featured_media":0,"parent":0,"menu_order":0,"comment_status":"closed","ping_status":"closed","template":"","meta":{"footnotes":""},"class_list":["post-34","page","type-page","status-publish","hentry"],"_links":{"self":[{"href":"https:\/\/natuerlich-jaeger.de\/index.php?rest_route=\/wp\/v2\/pages\/34","targetHints":{"allow":["GET"]}}],"collection":[{"href":"https:\/\/natuerlich-jaeger.de\/index.php?rest_route=\/wp\/v2\/pages"}],"about":[{"href":"https:\/\/natuerlich-jaeger.de\/index.php?rest_route=\/wp\/v2\/types\/page"}],"author":[{"embeddable":true,"href":"https:\/\/natuerlich-jaeger.de\/index.php?rest_route=\/wp\/v2\/users\/1"}],"replies":[{"embeddable":true,"href":"https:\/\/natuerlich-jaeger.de\/index.php?rest_route=%2Fwp%2Fv2%2Fcomments&post=34"}],"version-history":[{"count":7,"href":"https:\/\/natuerlich-jaeger.de\/index.php?rest_route=\/wp\/v2\/pages\/34\/revisions"}],"predecessor-version":[{"id":129,"href":"https:\/\/natuerlich-jaeger.de\/index.php?rest_route=\/wp\/v2\/pages\/34\/revisions\/129"}],"wp:attachment":[{"href":"https:\/\/natuerlich-jaeger.de\/index.php?rest_route=%2Fwp%2Fv2%2Fmedia&parent=34"}],"curies":[{"name":"wp","href":"https:\/\/api.w.org\/{rel}","templated":true}]}}