{"id":33,"date":"2020-10-18T13:02:48","date_gmt":"2020-10-18T13:02:48","guid":{"rendered":"https:\/\/natuerlich-jaeger.de\/WP\/?page_id=33"},"modified":"2020-11-10T12:01:34","modified_gmt":"2020-11-10T12:01:34","slug":"das-kann-homoeopathie","status":"publish","type":"page","link":"https:\/\/natuerlich-jaeger.de\/?page_id=33","title":{"rendered":"Das kann Hom\u00f6opathie"},"content":{"rendered":"\n<p><\/p>\n\n\n\n<div class=\"wp-block-columns is-layout-flex wp-container-core-columns-is-layout-9d6595d7 wp-block-columns-is-layout-flex\">\n<div class=\"wp-block-column is-layout-flow wp-block-column-is-layout-flow\">\n<p class=\"has-drop-cap\"><strong>Nat\u00fcrlich hat die Hom\u00f6opathie, wie alle \u00adanderen Therapieformen auch, ihre \u00adGrenzen. <\/strong><\/p>\n\n\n\n<p><\/p>\n\n\n\n<p><strong>Auch eine gesunde Lebensf\u00fchrung kann die Hom\u00f6opathie nicht ersetzen.<\/strong><\/p>\n\n\n\n<p><\/p>\n\n\n\n<ul class=\"wp-block-list\"><li>St\u00e4rkung des seelischen Gleichgewichts<\/li><li>Harmonisierung aller Stoffwechselvorg\u00e4nge<\/li><li>Chronifizierung von akuten Erkrankungen verhindern<\/li><li>Schmerzen (auch starke Schmerzen) lindern<\/li><li>Heilung von Infektionen f\u00f6rdern<\/li><li>Komplikationen von Infektionen \u00adverhindern<\/li><li>Heilung von Wunden und Verletzungen verbessern<\/li><li>Heilung von seelischen Verletzungen f\u00f6rdern (Kummer, Schreck, etc.)<\/li><li>notwendige schulmedizinische Therapien unterst\u00fctzen<\/li><\/ul>\n<\/div>\n\n\n\n<div class=\"wp-block-column is-layout-flow wp-block-column-is-layout-flow\">\n<div class=\"wp-block-image is-style-rounded\"><figure class=\"aligncenter size-thumbnail\"><img loading=\"lazy\" decoding=\"async\" width=\"150\" height=\"150\" src=\"https:\/\/natuerlich-jaeger.de\/wp-content\/uploads\/2020\/10\/jaeger-monika_pic_kuechenschelle-150x150.jpg\" alt=\"K\u00fcchenschelle - Praxis f\u00fcr Hom\u00f6opathie MONIKA JAEGER\" class=\"wp-image-96\" srcset=\"https:\/\/natuerlich-jaeger.de\/wp-content\/uploads\/2020\/10\/jaeger-monika_pic_kuechenschelle-150x150.jpg 150w, https:\/\/natuerlich-jaeger.de\/wp-content\/uploads\/2020\/10\/jaeger-monika_pic_kuechenschelle-435x435.jpg 435w\" sizes=\"auto, (max-width: 150px) 100vw, 150px\" \/><figcaption><strong>Die K\u00fcchenschelle<\/strong> &#8211;<em> in meiner Praxis ein ganz wichtiges Konstitutionsmittel  h\u00e4ufig f\u00fcr Kinder und Frauen.<\/em> Vor allem f\u00fcr nachgiebige und weiche Menschen, die aber auch sehr mutig  sein  k\u00f6nnen. <\/figcaption><\/figure><\/div>\n<\/div>\n<\/div>\n\n\n\n<p><\/p>\n","protected":false},"excerpt":{"rendered":"<p>Nat\u00fcrlich hat die Hom\u00f6opathie, wie alle \u00adanderen Therapieformen auch, ihre \u00adGrenzen. Auch eine gesunde Lebensf\u00fchrung kann die Hom\u00f6opathie nicht ersetzen. St\u00e4rkung des seelischen Gleichgewichts Harmonisierung aller Stoffwechselvorg\u00e4nge Chronifizierung von akuten Erkrankungen verhindern Schmerzen (auch starke Schmerzen) lindern Heilung von Infektionen f\u00f6rdern Komplikationen von Infektionen \u00adverhindern Heilung von Wunden und Verletzungen verbessern Heilung von seelischen Verletzungen &hellip; <\/p>\n","protected":false},"author":1,"featured_media":0,"parent":0,"menu_order":0,"comment_status":"closed","ping_status":"closed","template":"","meta":{"footnotes":""},"class_list":["post-33","page","type-page","status-publish","hentry"],"_links":{"self":[{"href":"https:\/\/natuerlich-jaeger.de\/index.php?rest_route=\/wp\/v2\/pages\/33","targetHints":{"allow":["GET"]}}],"collection":[{"href":"https:\/\/natuerlich-jaeger.de\/index.php?rest_route=\/wp\/v2\/pages"}],"about":[{"href":"https:\/\/natuerlich-jaeger.de\/index.php?rest_route=\/wp\/v2\/types\/page"}],"author":[{"embeddable":true,"href":"https:\/\/natuerlich-jaeger.de\/index.php?rest_route=\/wp\/v2\/users\/1"}],"replies":[{"embeddable":true,"href":"https:\/\/natuerlich-jaeger.de\/index.php?rest_route=%2Fwp%2Fv2%2Fcomments&post=33"}],"version-history":[{"count":23,"href":"https:\/\/natuerlich-jaeger.de\/index.php?rest_route=\/wp\/v2\/pages\/33\/revisions"}],"predecessor-version":[{"id":463,"href":"https:\/\/natuerlich-jaeger.de\/index.php?rest_route=\/wp\/v2\/pages\/33\/revisions\/463"}],"wp:attachment":[{"href":"https:\/\/natuerlich-jaeger.de\/index.php?rest_route=%2Fwp%2Fv2%2Fmedia&parent=33"}],"curies":[{"name":"wp","href":"https:\/\/api.w.org\/{rel}","templated":true}]}}