{"id":266,"date":"2020-10-21T14:23:41","date_gmt":"2020-10-21T14:23:41","guid":{"rendered":"https:\/\/natuerlich-jaeger.de\/WP\/?page_id=266"},"modified":"2020-11-20T15:50:38","modified_gmt":"2020-11-20T15:50:38","slug":"angelika-mitter","status":"publish","type":"page","link":"https:\/\/natuerlich-jaeger.de\/?page_id=266","title":{"rendered":"Angelika Mitter"},"content":{"rendered":"\n<p><strong>Naturheilpraxis<\/strong> | <strong>Hom\u00f6opathie Pflanzenheilkunde | Mitter<\/strong><br><strong><span style=\"color:#009640\" class=\"has-inline-color\"><em>Im Gespr\u00e4ch mit Angelika Mitter<\/em><\/span><\/strong><\/p>\n\n\n\n<div class=\"wp-block-columns is-layout-flex wp-container-core-columns-is-layout-9d6595d7 wp-block-columns-is-layout-flex\">\n<div class=\"wp-block-column is-layout-flow wp-block-column-is-layout-flow\">\n<div class=\"wp-block-image is-style-rounded\"><figure class=\"aligncenter size-large\"><img loading=\"lazy\" decoding=\"async\" width=\"197\" height=\"197\" src=\"https:\/\/natuerlich-jaeger.de\/wp-content\/uploads\/2020\/10\/jaeger-monika_foto_mitter-angelika.jpg\" alt=\"\" class=\"wp-image-267\" srcset=\"https:\/\/natuerlich-jaeger.de\/wp-content\/uploads\/2020\/10\/jaeger-monika_foto_mitter-angelika.jpg 197w, https:\/\/natuerlich-jaeger.de\/wp-content\/uploads\/2020\/10\/jaeger-monika_foto_mitter-angelika-150x150.jpg 150w, https:\/\/natuerlich-jaeger.de\/wp-content\/uploads\/2020\/10\/jaeger-monika_foto_mitter-angelika-60x60.jpg 60w\" sizes=\"auto, (max-width: 197px) 100vw, 197px\" \/><figcaption><strong>Angelika Mitter<\/strong>, <br>Heilpraktikerin<\/figcaption><\/figure><\/div>\n<\/div>\n\n\n\n<div class=\"wp-block-column is-layout-flow wp-block-column-is-layout-flow\">\n<div style=\"height:40px\" aria-hidden=\"true\" class=\"wp-block-spacer\"><\/div>\n\n\n\n<figure class=\"wp-block-image size-medium is-resized is-style-default\"><a href=\"www.heilpraktiker-amerang.de\" target=\"_blank\" rel=\"noopener noreferrer\"><img loading=\"lazy\" decoding=\"async\" src=\"https:\/\/natuerlich-jaeger.de\/wp-content\/uploads\/2020\/11\/logo_mitter-angelika_rgb-300x142.jpg\" alt=\"Naturheilpraxis Hom\u00f6opathie Pflanzenheilkunde Angelika Mitter\" class=\"wp-image-509\" width=\"150\" height=\"71\" srcset=\"https:\/\/natuerlich-jaeger.de\/wp-content\/uploads\/2020\/11\/logo_mitter-angelika_rgb-300x142.jpg 300w, https:\/\/natuerlich-jaeger.de\/wp-content\/uploads\/2020\/11\/logo_mitter-angelika_rgb-127x60.jpg 127w, https:\/\/natuerlich-jaeger.de\/wp-content\/uploads\/2020\/11\/logo_mitter-angelika_rgb.jpg 607w\" sizes=\"auto, (max-width: 150px) 100vw, 150px\" \/><\/a><figcaption><a rel=\"noreferrer noopener\" href=\"https:\/\/www.heilpraktiker-amerang.de\" target=\"_blank\">www.heilpraktiker-amerang.de<\/a><\/figcaption><\/figure>\n\n\n\n<p><\/p>\n<\/div>\n<\/div>\n\n\n\n<div class=\"wp-block-columns is-layout-flex wp-container-core-columns-is-layout-9d6595d7 wp-block-columns-is-layout-flex\">\n<div class=\"wp-block-column is-layout-flow wp-block-column-is-layout-flow\">\n<h3 class=\"wp-block-heading\">Kurz vorgestellt<\/h3>\n\n\n\n<p><strong>Angelika Mitter ist Heilpraktikerin<\/strong> und arbeitet in ihrer Praxis mit den Schwerpunkten:<\/p>\n\n\n\n<ul class=\"wp-block-list\"><li>Hom\u00f6opathie <\/li><li>Pflanzenheilkunde<\/li><li>Kinesologie<\/li><\/ul>\n\n\n\n<div style=\"height:40px\" aria-hidden=\"true\" class=\"wp-block-spacer\"><\/div>\n\n\n\n<h3 class=\"wp-block-heading\">Wie bist du zur Hom\u00f6opathie gekommen?<\/h3>\n\n\n\n<p>Ganz praktisch \u2013 der Anlass war eine Akutbehandlung bei einem hom\u00f6opathischen Arzt, da mein damaliger Hausarzt Urlaub hatte. Ich kannte die Hom\u00f6opathie damals vor 30 Jahren als Therapie \u00fcberhaupt nicht und war sehr \u00fcberrascht von der schnellen und &nbsp;nachhaltigen Wirkung einer einzigen Mittelgabe. So wurde die Hom\u00f6opathie ein wichtiger &nbsp;Teil in meinem Leben &#8211;&nbsp; und aus dem Interesse und der Begeisterung&nbsp; schlie\u00dflich eine neue berufliche T\u00e4tigkeit.<\/p>\n\n\n\n<div style=\"height:40px\" aria-hidden=\"true\" class=\"wp-block-spacer\"><\/div>\n\n\n\n<h3 class=\"wp-block-heading\"><strong>Was fasziniert Dich besonders an deiner Arbeit?<\/strong><\/h3>\n\n\n\n<p>Die Herausforderung ist, bei jedem Patienten aufmerksam und unvoreingenommen zuzuh\u00f6ren, was ihn in dieser Situation besch\u00e4ftigt. <br><br>Ich gebe jedem gerne die Zeit, die er daf\u00fcr braucht und finde es <span class=\"has-inline-color has-luminous-vivid-orange-color\"><strong>sehr wichtig, sich daf\u00fcr Zeit zu nehmen.<\/strong> <\/span><br><br>Es ist immer wieder spannend, wie \u00e4hnlich Krankheitsbilder aussehen k\u00f6nnen und wie sie trotzdem im Kleinen so unterschiedlich sind \u2013 so wie eben auch Menschen sich \u00e4hnlich verhalten und doch so verschieden in ihren Grundbed\u00fcrfnissen sind. Setzt man dann die einzelnen Symptome wie in einem Puzzle zusammen, zeigen sich immer wieder andere Facetten des hom\u00f6opathischen Mittels, das im Moment notwendig ist.<\/p>\n<\/div>\n\n\n\n<div class=\"wp-block-column is-layout-flow wp-block-column-is-layout-flow\">\n<h3 class=\"wp-block-heading\">Warum? Deshalb \u2026<\/h3>\n\n\n\n<p>Ich habe Angelika w\u00e4hrend der HP-Ausbildung kennengelernt. Seit einigen Jahren besuchen wir gemeinsam den Arbeitskreis f\u00fcr klassische Hom\u00f6opathie im Chiemgau <span class=\"has-inline-color has-luminous-vivid-orange-color\">(<\/span><a rel=\"noreferrer noopener\" href=\"https:\/\/www.kompetenzzentrum-homoeopathie.de\/\" target=\"_blank\">https:\/\/www.kompetenzzentrum-homoeopathie.de\/<\/a><span class=\"has-inline-color has-luminous-vivid-orange-color\">)<\/span> und organisieren alle 3 Jahre die Hom\u00f6opathie Tage in Traunstein miteinander. <\/p>\n\n\n\n<p>Wir unterst\u00fctzen und beraten uns gegenseitig im Praxisalltag und auch privat. <\/p>\n\n\n\n<p>Angelika hat Gartenbau studiert und deshalb ein sehr gro\u00dfes Wissen in der Pflanzenheilkunde, wovon ich schon oft profitieren durfte.<\/p>\n\n\n\n<div style=\"height:40px\" aria-hidden=\"true\" class=\"wp-block-spacer\"><\/div>\n\n\n\n<h3 class=\"wp-block-heading\">Was uns verbindet &#8230;<\/h3>\n\n\n\n<p>Als wir uns Jahre nach unserer gemeinsamen Heilpraktiker-Ausbildung zuf\u00e4llig wieder getroffen haben, hat sie mich ganz spontan zum hom\u00f6opathischen Arbeitskreis nach Traunstein mitgenommen, der einmal im Monat stattfindet. <\/p>\n\n\n\n<p>Beide wollen wir unser Wissen teilen und seitdem lernen wir mit- und voneinander aus verschiedenen Bereichen. Dank ihrer langj\u00e4hrigen praktischen Erfahrung in der klassischen Hom\u00f6opathie f\u00fchlt sich fachlicher Austausch leicht und spielerisch an. <\/p>\n\n\n\n<p>Ihre fr\u00f6hliche und zuversichtliche Offenheit ist immer ansteckend und so ist dar\u00fcber hinaus eine Freundschaft entstanden.<\/p>\n\n\n\n<p><\/p>\n<\/div>\n<\/div>\n\n\n\n<hr class=\"wp-block-separator is-style-wide\"\/>\n\n\n\n<p><\/p>\n\n\n\n<div class=\"wp-block-columns is-layout-flex wp-container-core-columns-is-layout-9d6595d7 wp-block-columns-is-layout-flex\">\n<div class=\"wp-block-column is-layout-flow wp-block-column-is-layout-flow\"><\/div>\n<\/div>\n\n\n\n<figure class=\"wp-block-image size-large is-style-default\"><img loading=\"lazy\" decoding=\"async\" width=\"1000\" height=\"583\" src=\"https:\/\/natuerlich-jaeger.de\/wp-content\/uploads\/2020\/11\/jaeger-monika_pichandgelenkuhrfaultierstress.jpg\" alt=\"MONIKA JAEGER Heilpraktikerin - Im Netzwerk - mit Angelika Mitter - Was tun bei Stress?\" class=\"wp-image-499\" srcset=\"https:\/\/natuerlich-jaeger.de\/wp-content\/uploads\/2020\/11\/jaeger-monika_pichandgelenkuhrfaultierstress.jpg 1000w, https:\/\/natuerlich-jaeger.de\/wp-content\/uploads\/2020\/11\/jaeger-monika_pichandgelenkuhrfaultierstress-300x175.jpg 300w, https:\/\/natuerlich-jaeger.de\/wp-content\/uploads\/2020\/11\/jaeger-monika_pichandgelenkuhrfaultierstress-768x448.jpg 768w, https:\/\/natuerlich-jaeger.de\/wp-content\/uploads\/2020\/11\/jaeger-monika_pichandgelenkuhrfaultierstress-103x60.jpg 103w\" sizes=\"auto, (max-width: 1000px) 100vw, 1000px\" \/><\/figure>\n\n\n\n<p><strong>Was man bei Stress tun kann<\/strong> &#8211; Einfach die Handgelenke reiben, das baut Stress ab und beruhigt, da durch das Handgelenk viele Meridiane verlaufen. Schlie\u00dflich hat man seine H\u00e4nde immer dabei und kann das unauff\u00e4llig auch w\u00e4hrend eines Meetings f\u00fcr sich tun.<\/p>\n\n\n\n<hr class=\"wp-block-separator is-style-wide\"\/>\n\n\n\n<p><\/p>\n\n\n\n<figure class=\"wp-block-image size-full is-style-default\"><img loading=\"lazy\" decoding=\"async\" width=\"1000\" height=\"583\" src=\"https:\/\/natuerlich-jaeger.de\/wp-content\/uploads\/2020\/11\/jaeger-monika_piclavendeloelmandarineentspannung.jpg\" alt=\"MONIKA JAEGER Heilpraktikerin - Im Netzwerk - mit Angelika Mitter - Einfach entspannt!\" class=\"wp-image-500\" srcset=\"https:\/\/natuerlich-jaeger.de\/wp-content\/uploads\/2020\/11\/jaeger-monika_piclavendeloelmandarineentspannung.jpg 1000w, https:\/\/natuerlich-jaeger.de\/wp-content\/uploads\/2020\/11\/jaeger-monika_piclavendeloelmandarineentspannung-300x175.jpg 300w, https:\/\/natuerlich-jaeger.de\/wp-content\/uploads\/2020\/11\/jaeger-monika_piclavendeloelmandarineentspannung-768x448.jpg 768w, https:\/\/natuerlich-jaeger.de\/wp-content\/uploads\/2020\/11\/jaeger-monika_piclavendeloelmandarineentspannung-103x60.jpg 103w\" sizes=\"auto, (max-width: 1000px) 100vw, 1000px\" \/><\/figure>\n\n\n\n<p><\/p>\n\n\n\n<p><strong>Einfach entspannt<\/strong>! Noch ein &nbsp;Dufterlebnis am Abend mit den \u00e4therischen \u00d6len von Lavendel und Mandarine. Das entspannt, entschleunigt und tr\u00e4gt zu einem erholsamen Schlaf bei.<\/p>\n","protected":false},"excerpt":{"rendered":"<p>Naturheilpraxis | Hom\u00f6opathie Pflanzenheilkunde | MitterIm Gespr\u00e4ch mit Angelika Mitter Kurz vorgestellt Angelika Mitter ist Heilpraktikerin und arbeitet in ihrer Praxis mit den Schwerpunkten: Hom\u00f6opathie Pflanzenheilkunde Kinesologie Wie bist du zur Hom\u00f6opathie gekommen? Ganz praktisch \u2013 der Anlass war eine Akutbehandlung bei einem hom\u00f6opathischen Arzt, da mein damaliger Hausarzt Urlaub hatte. Ich kannte die Hom\u00f6opathie &hellip; <\/p>\n","protected":false},"author":1,"featured_media":0,"parent":0,"menu_order":0,"comment_status":"closed","ping_status":"closed","template":"","meta":{"footnotes":""},"class_list":["post-266","page","type-page","status-publish","hentry"],"_links":{"self":[{"href":"https:\/\/natuerlich-jaeger.de\/index.php?rest_route=\/wp\/v2\/pages\/266","targetHints":{"allow":["GET"]}}],"collection":[{"href":"https:\/\/natuerlich-jaeger.de\/index.php?rest_route=\/wp\/v2\/pages"}],"about":[{"href":"https:\/\/natuerlich-jaeger.de\/index.php?rest_route=\/wp\/v2\/types\/page"}],"author":[{"embeddable":true,"href":"https:\/\/natuerlich-jaeger.de\/index.php?rest_route=\/wp\/v2\/users\/1"}],"replies":[{"embeddable":true,"href":"https:\/\/natuerlich-jaeger.de\/index.php?rest_route=%2Fwp%2Fv2%2Fcomments&post=266"}],"version-history":[{"count":54,"href":"https:\/\/natuerlich-jaeger.de\/index.php?rest_route=\/wp\/v2\/pages\/266\/revisions"}],"predecessor-version":[{"id":571,"href":"https:\/\/natuerlich-jaeger.de\/index.php?rest_route=\/wp\/v2\/pages\/266\/revisions\/571"}],"wp:attachment":[{"href":"https:\/\/natuerlich-jaeger.de\/index.php?rest_route=%2Fwp%2Fv2%2Fmedia&parent=266"}],"curies":[{"name":"wp","href":"https:\/\/api.w.org\/{rel}","templated":true}]}}