{"id":236,"date":"2020-10-21T12:15:04","date_gmt":"2020-10-21T12:15:04","guid":{"rendered":"https:\/\/natuerlich-jaeger.de\/WP\/?page_id=236"},"modified":"2020-11-20T15:51:47","modified_gmt":"2020-11-20T15:51:47","slug":"ig-fuer","status":"publish","type":"page","link":"https:\/\/natuerlich-jaeger.de\/?page_id=236","title":{"rendered":"IG F\u00dcR"},"content":{"rendered":"\n<p><strong>Interessengemeinschaft f\u00fcr gesunde Lebensmittel<\/strong><br><span style=\"color:#009640\" class=\"has-inline-color\"><em><strong>Im Gespr\u00e4ch mit Georg Sedlmaier <\/strong><\/em><br><\/span><\/p>\n\n\n\n<div class=\"wp-block-columns is-layout-flex wp-container-core-columns-is-layout-9d6595d7 wp-block-columns-is-layout-flex\">\n<div class=\"wp-block-column is-layout-flow wp-block-column-is-layout-flow\">\n<div class=\"wp-block-image is-style-rounded\"><figure class=\"aligncenter size-large is-resized\"><img loading=\"lazy\" decoding=\"async\" src=\"https:\/\/natuerlich-jaeger.de\/wp-content\/uploads\/2020\/10\/jaeger-monika_igfuer_foto_sedlmaier.jpg\" alt=\"\" class=\"wp-image-243\" width=\"338\" height=\"338\" srcset=\"https:\/\/natuerlich-jaeger.de\/wp-content\/uploads\/2020\/10\/jaeger-monika_igfuer_foto_sedlmaier.jpg 450w, https:\/\/natuerlich-jaeger.de\/wp-content\/uploads\/2020\/10\/jaeger-monika_igfuer_foto_sedlmaier-300x300.jpg 300w, https:\/\/natuerlich-jaeger.de\/wp-content\/uploads\/2020\/10\/jaeger-monika_igfuer_foto_sedlmaier-150x150.jpg 150w, https:\/\/natuerlich-jaeger.de\/wp-content\/uploads\/2020\/10\/jaeger-monika_igfuer_foto_sedlmaier-435x435.jpg 435w, https:\/\/natuerlich-jaeger.de\/wp-content\/uploads\/2020\/10\/jaeger-monika_igfuer_foto_sedlmaier-60x60.jpg 60w\" sizes=\"auto, (max-width: 338px) 100vw, 338px\" \/><figcaption><em><strong>Georg Sedlmaier<\/strong><\/em>,<br><em>Familienvater, Gr\u00fcnder und <\/em><br><em>Vorsitzender der IG F\u00dcR<\/em><\/figcaption><\/figure><\/div>\n<\/div>\n\n\n\n<div class=\"wp-block-column is-layout-flow wp-block-column-is-layout-flow\">\n<figure class=\"wp-block-image size-large is-resized is-style-default\"><a href=\"https:\/\/www.ig-fuer.de\/\" target=\"_blank\" rel=\"noopener noreferrer\"><img loading=\"lazy\" decoding=\"async\" src=\"https:\/\/natuerlich-jaeger.de\/wp-content\/uploads\/2020\/10\/logo_igfuer.jpg\" alt=\"IG F\u00dcR - Interessengemeinschaft f\u00fcr gesunde Lebensmittel\" class=\"wp-image-196\" width=\"148\" height=\"192\" srcset=\"https:\/\/natuerlich-jaeger.de\/wp-content\/uploads\/2020\/10\/logo_igfuer.jpg 591w, https:\/\/natuerlich-jaeger.de\/wp-content\/uploads\/2020\/10\/logo_igfuer-231x300.jpg 231w, https:\/\/natuerlich-jaeger.de\/wp-content\/uploads\/2020\/10\/logo_igfuer-46x60.jpg 46w\" sizes=\"auto, (max-width: 148px) 100vw, 148px\" \/><\/a><figcaption><a href=\"https:\/\/www.ig-fuer.de\/\" target=\"_blank\" rel=\"noreferrer noopener\">https:\/\/www.ig-fuer.de\/<\/a><\/figcaption><\/figure>\n\n\n\n<p><\/p>\n<\/div>\n<\/div>\n\n\n\n<div class=\"wp-block-columns is-layout-flex wp-container-core-columns-is-layout-9d6595d7 wp-block-columns-is-layout-flex\">\n<div class=\"wp-block-column is-layout-flow wp-block-column-is-layout-flow\">\n<div class=\"wp-block-group\"><div class=\"wp-block-group__inner-container is-layout-flow wp-block-group-is-layout-flow\">\n<h3 class=\"wp-block-heading\">Die IG F\u00dcR kurz vorgestellt<\/h3>\n\n\n\n<p>Unter dem Motto <strong>\u201eLebensmittel sind Mittel zum Leben! Und jeder Einkauf ist Ihr Stimmzettel!\u201c <\/strong>besch\u00e4ftigt sich die IG F\u00dcR schwerpunktm\u00e4\u00dfig mit folgenden Themen:<\/p>\n\n\n\n<p>ERN\u00c4HRUNG<br>ERZEUGER, HERSTELLER, HANDEL<br>GENTECHNIK<br>PATENTE<br>TIERWOHL<br>WASSER<br>SYNTHETISCHE BIOLOGIE<br>MIKROPLASTIK<\/p>\n\n\n\n<div style=\"height:40px\" aria-hidden=\"true\" class=\"wp-block-spacer\"><\/div>\n\n\n\n<h3 class=\"wp-block-heading\">Unsere IG F\u00dcR \u2026 Maxime lautet:<\/h3>\n\n\n\n<ul class=\"wp-block-list\"><li>Positives Denken<\/li><li>Gesunde Ern\u00e4hrung<\/li><li>Richtige Bewegung<\/li><\/ul>\n\n\n\n<p><\/p>\n<\/div><\/div>\n\n\n\n<div style=\"height:40px\" aria-hidden=\"true\" class=\"wp-block-spacer\"><\/div>\n\n\n\n<h3 class=\"wp-block-heading\">Welche Rolle spielt die Naturheilkunde in deinem Leben und welche Erfahrungen hast du mit der Hom\u00f6opathie?<\/h3>\n\n\n\n<p>Unsere \u00e4ltere Tochter Bettina ist Heilpraktikerin und versorgt uns liebevoll bei Bedarf mit naturheilkundlichem Wissen und hom\u00f6opathischen Produkten.<\/p>\n\n\n\n<p>Ich arbeite gerne mit Heilpraktikern und erfahrenen Hom\u00f6opathen zusammen.<\/p>\n\n\n\n<div style=\"height:40px\" aria-hidden=\"true\" class=\"wp-block-spacer\"><\/div>\n\n\n\n<h3 class=\"wp-block-heading\">Was kann eine gemeinsame Motivation sein?<\/h3>\n\n\n\n<p>&#8222;Liebe Deinen N\u00e4chsten wie Dich selbst!&#8220; Manche Menschen m\u00f6gen sich wohl selber nicht und werden dann &#8222;ungeniessbar&#8220; und vielleicht auch schneller krank.<\/p>\n\n\n\n<p class=\"has-small-font-size\"><em><span class=\"has-inline-color has-vivid-cyan-blue-color\">&#8222;Das was der Mensch zutiefst braucht, ist eine gewisse Spannung &#8211; auf der einen Seite ein Mensch, auf der anderen Seite eine spezifische Aufgabe, diedarauf wartet von ihm gel\u00f6st zu  werden&#8220;<\/span><\/em>  <br>Zitat von: Viktor E. Frankl, weltbekannter Psychoanalytiker<\/p>\n\n\n\n<div style=\"height:40px\" aria-hidden=\"true\" class=\"wp-block-spacer\"><\/div>\n\n\n\n<h3 class=\"wp-block-heading\">Sinnvolle fordernde Lebensaufgaben f\u00fcr mich pers\u00f6nlich:<\/h3>\n\n\n\n<p>SOS Kinderdorf und IG F\u00dcR \u2026 Gr\u00fcndung und Betreuung<\/p>\n<\/div>\n\n\n\n<div class=\"wp-block-column is-layout-flow wp-block-column-is-layout-flow\">\n<div class=\"wp-block-group\"><div class=\"wp-block-group__inner-container is-layout-flow wp-block-group-is-layout-flow\">\n<h3 class=\"wp-block-heading\">Warum arbeiten wir zusammen im Netzwerk? Deshalb &#8230;<\/h3>\n\n\n\n<p><strong>Jeder Mensch kann etwas bewegen, wenn die Motivation stimmt.<\/strong> Das lebt mir mein Onkel sehr eindringlich vor. <strong>Unser beider Anliegen ist Gesundheit<\/strong>. Mit einer Mitgliedschaft unterst\u00fctze ich automatisch diese Arbeit. <strong><span class=\"has-inline-color has-luminous-vivid-orange-color\">Menschen die sich bewusst ern\u00e4hren, w\u00e4hlen auch in Gesundheitsfragen bewusster was Ihnen gut tut.<\/span><\/strong><\/p>\n\n\n\n<p>Die IG F\u00dcR  geht hier nicht nur auf den Verbraucher zu, sondern weckt auch bei den gro\u00dfen Lebensmittelkonzernen den Wunsch nach mehr Nachhaltigkeit.<\/p>\n<\/div><\/div>\n\n\n\n<div style=\"height:40px\" aria-hidden=\"true\" class=\"wp-block-spacer\"><\/div>\n\n\n\n<div class=\"wp-block-group\"><div class=\"wp-block-group__inner-container is-layout-flow wp-block-group-is-layout-flow\">\n<h3 class=\"wp-block-heading\">Gutes unterst\u00fctzen?<\/h3>\n\n\n\n<p><strong>Gemeinsam geht es besser!<\/strong> <br>Noch nicht dabei? <br><strong>Dann hier meine herzliche Aufforderung mitzuwirken.<\/strong><\/p>\n\n\n\n<p><a rel=\"noreferrer noopener\" href=\"https:\/\/www.ig-fuer.de\/index.php\/werden-sie-mitglied.html\" target=\"_blank\"><strong>&#8222;Mitglied werden oder spenden&#8220; <\/strong><\/a><\/p>\n<\/div><\/div>\n\n\n\n<div style=\"height:40px\" aria-hidden=\"true\" class=\"wp-block-spacer\"><\/div>\n\n\n\n<h3 class=\"wp-block-heading\">B\u00fccher mit Wirkung<\/h3>\n\n\n\n<p>Die IG F\u00dcR hat bisher bereits sieben B\u00fccher publiziert. <em>Herausgeber:<\/em> Georg Sedlmaier. Die <em>Autoren:<\/em> Experten und prominente Bef\u00fcrworter der gesunden Ern\u00e4hrung und nachhaltigen Lebensweise<br><em>Erh\u00e4ltlich:<\/em> im Buchhandel und \u00fcber die&nbsp;<a rel=\"noreferrer noopener\" href=\"mailto:%20info@ig-fuer.de\" target=\"_blank\">E-Mail-Adresse der IG F\u00dcR<\/a>&nbsp;<\/p>\n\n\n\n<figure class=\"wp-block-gallery columns-2 is-cropped wp-block-gallery-1 is-layout-flex wp-block-gallery-is-layout-flex\"><ul class=\"blocks-gallery-grid\"><li class=\"blocks-gallery-item\"><figure><img loading=\"lazy\" decoding=\"async\" width=\"250\" height=\"375\" src=\"https:\/\/natuerlich-jaeger.de\/wp-content\/uploads\/2020\/10\/ig-fuer_buch_Die_Kunst_der_kleinen_Schritte.jpg\" alt=\"Buch &quot;Die Kunst der kleinen Schritte&quot;, IG F\u00dcR - Interessengemeinschaft f\u00fcr gesunde Lebensmittel\" data-id=\"253\" data-full-url=\"https:\/\/natuerlich-jaeger.de\/wp-content\/uploads\/2020\/10\/ig-fuer_buch_Die_Kunst_der_kleinen_Schritte.jpg\" data-link=\"https:\/\/natuerlich-jaeger.de\/?attachment_id=253\" class=\"wp-image-253\" srcset=\"https:\/\/natuerlich-jaeger.de\/wp-content\/uploads\/2020\/10\/ig-fuer_buch_Die_Kunst_der_kleinen_Schritte.jpg 250w, https:\/\/natuerlich-jaeger.de\/wp-content\/uploads\/2020\/10\/ig-fuer_buch_Die_Kunst_der_kleinen_Schritte-200x300.jpg 200w, https:\/\/natuerlich-jaeger.de\/wp-content\/uploads\/2020\/10\/ig-fuer_buch_Die_Kunst_der_kleinen_Schritte-40x60.jpg 40w\" sizes=\"auto, (max-width: 250px) 100vw, 250px\" \/><figcaption class=\"blocks-gallery-item__caption\"><strong>Georg Sedlmaier<\/strong><br>Taschenbuch, 82 Seiten, \u20ac 5,-<br>Books on Demand (BoD) Verlag, 2020<br>ISBN-13: 978-3-75048-876-2<\/figcaption><\/figure><\/li><li class=\"blocks-gallery-item\"><figure><img loading=\"lazy\" decoding=\"async\" width=\"250\" height=\"375\" src=\"https:\/\/natuerlich-jaeger.de\/wp-content\/uploads\/2020\/10\/ig-fuer_buch_ist-essen-religion.jpg\" alt=\"Buch &quot;Ist Essen Religion?&quot;, IG F\u00dcR - Interessengemeinschaft f\u00fcr gesunde Lebensmittel\" data-id=\"254\" data-full-url=\"https:\/\/natuerlich-jaeger.de\/wp-content\/uploads\/2020\/10\/ig-fuer_buch_ist-essen-religion.jpg\" data-link=\"https:\/\/natuerlich-jaeger.de\/?attachment_id=254\" class=\"wp-image-254\" srcset=\"https:\/\/natuerlich-jaeger.de\/wp-content\/uploads\/2020\/10\/ig-fuer_buch_ist-essen-religion.jpg 250w, https:\/\/natuerlich-jaeger.de\/wp-content\/uploads\/2020\/10\/ig-fuer_buch_ist-essen-religion-200x300.jpg 200w, https:\/\/natuerlich-jaeger.de\/wp-content\/uploads\/2020\/10\/ig-fuer_buch_ist-essen-religion-40x60.jpg 40w\" sizes=\"auto, (max-width: 250px) 100vw, 250px\" \/><figcaption class=\"blocks-gallery-item__caption\"><strong>Georg Sedlmaier (Hrsg.)<\/strong><br>Taschenbuch, 147 Seiten, 9,90 EUR<br>Books on Demand<br>ISBN: 978-3-7448-9210-0<\/figcaption><\/figure><\/li><\/ul><figcaption class=\"blocks-gallery-caption\">Die zwei B\u00fccher aus 2019 \/ 2020 zur Ansicht<\/figcaption><\/figure>\n\n\n\n<p><em>Link zu: <\/em><a rel=\"noreferrer noopener\" href=\"https:\/\/www.ig-fuer.de\/index.php\/info\/buecher.html\" target=\"_blank\">B\u00fccher in der \u00dcbersicht auf den Seiten der IG F\u00dcR<\/a><\/p>\n\n\n\n<p><em>Gut zu wissen: <\/em>Der Reinerl\u00f6s der Buchverk\u00e4ufe kommt wieder dem SOS Kinderdorf e.V. sowie der IG F\u00dcR zugute.<\/p>\n<\/div>\n<\/div>\n\n\n\n<h3 class=\"wp-block-heading\">Danke!<\/h3>\n\n\n\n<p><strong>Lieber Georg, danke<\/strong> f\u00fcr deinen selbstlosen Einsatz f\u00fcr die Menschheit und ihre Natur. Mit der IG F\u00dcR hast du ein Zeichen gesetzt und bist immer noch unerm\u00fcdlich dabei dass dieses Weltbild Schule macht. Ich bin stolz einen so aktiven Onkel zu haben und freue mich schon, wenn ich dich wieder als Referent zu den n\u00e4chsten Hom\u00f6opathie Tagen in Traunstein einladen kann.<\/p>\n\n\n\n<p><\/p>\n","protected":false},"excerpt":{"rendered":"<p>Interessengemeinschaft f\u00fcr gesunde LebensmittelIm Gespr\u00e4ch mit Georg Sedlmaier Die IG F\u00dcR kurz vorgestellt Unter dem Motto \u201eLebensmittel sind Mittel zum Leben! Und jeder Einkauf ist Ihr Stimmzettel!\u201c besch\u00e4ftigt sich die IG F\u00dcR schwerpunktm\u00e4\u00dfig mit folgenden Themen: ERN\u00c4HRUNGERZEUGER, HERSTELLER, HANDELGENTECHNIKPATENTETIERWOHLWASSERSYNTHETISCHE BIOLOGIEMIKROPLASTIK Unsere IG F\u00dcR \u2026 Maxime lautet: Positives Denken Gesunde Ern\u00e4hrung Richtige Bewegung Welche Rolle spielt &hellip; <\/p>\n","protected":false},"author":1,"featured_media":0,"parent":0,"menu_order":0,"comment_status":"closed","ping_status":"closed","template":"","meta":{"footnotes":""},"class_list":["post-236","page","type-page","status-publish","hentry"],"_links":{"self":[{"href":"https:\/\/natuerlich-jaeger.de\/index.php?rest_route=\/wp\/v2\/pages\/236","targetHints":{"allow":["GET"]}}],"collection":[{"href":"https:\/\/natuerlich-jaeger.de\/index.php?rest_route=\/wp\/v2\/pages"}],"about":[{"href":"https:\/\/natuerlich-jaeger.de\/index.php?rest_route=\/wp\/v2\/types\/page"}],"author":[{"embeddable":true,"href":"https:\/\/natuerlich-jaeger.de\/index.php?rest_route=\/wp\/v2\/users\/1"}],"replies":[{"embeddable":true,"href":"https:\/\/natuerlich-jaeger.de\/index.php?rest_route=%2Fwp%2Fv2%2Fcomments&post=236"}],"version-history":[{"count":42,"href":"https:\/\/natuerlich-jaeger.de\/index.php?rest_route=\/wp\/v2\/pages\/236\/revisions"}],"predecessor-version":[{"id":572,"href":"https:\/\/natuerlich-jaeger.de\/index.php?rest_route=\/wp\/v2\/pages\/236\/revisions\/572"}],"wp:attachment":[{"href":"https:\/\/natuerlich-jaeger.de\/index.php?rest_route=%2Fwp%2Fv2%2Fmedia&parent=236"}],"curies":[{"name":"wp","href":"https:\/\/api.w.org\/{rel}","templated":true}]}}