{"id":180,"date":"2020-10-20T15:16:25","date_gmt":"2020-10-20T15:16:25","guid":{"rendered":"https:\/\/natuerlich-jaeger.de\/WP\/?page_id=180"},"modified":"2020-11-10T11:47:33","modified_gmt":"2020-11-10T11:47:33","slug":"termine-anfahrt","status":"publish","type":"page","link":"https:\/\/natuerlich-jaeger.de\/?page_id=180","title":{"rendered":"Termine &#038; Anfahrt"},"content":{"rendered":"\n<div class=\"wp-block-image is-style-rounded\"><figure class=\"alignright size-large is-resized\"><img loading=\"lazy\" decoding=\"async\" src=\"https:\/\/natuerlich-jaeger.de\/wp-content\/uploads\/2020\/10\/jaeger-monika_pic_luftansicht.jpg\" alt=\"MONIKA JAEGER Heilpraktikerin, Wimpasing 11, 83123 Amerang\" class=\"wp-image-446\" width=\"512\" height=\"368\" srcset=\"https:\/\/natuerlich-jaeger.de\/wp-content\/uploads\/2020\/10\/jaeger-monika_pic_luftansicht.jpg 1024w, https:\/\/natuerlich-jaeger.de\/wp-content\/uploads\/2020\/10\/jaeger-monika_pic_luftansicht-300x215.jpg 300w, https:\/\/natuerlich-jaeger.de\/wp-content\/uploads\/2020\/10\/jaeger-monika_pic_luftansicht-768x551.jpg 768w, https:\/\/natuerlich-jaeger.de\/wp-content\/uploads\/2020\/10\/jaeger-monika_pic_luftansicht-84x60.jpg 84w\" sizes=\"auto, (max-width: 512px) 100vw, 512px\" \/><\/figure><\/div>\n\n\n\n<p class=\"has-drop-cap\"><strong>Ihr individueller Termin ist nur <\/strong><br><strong>einen Anruf weit entfernt. <\/strong><br>Sprechen Sie gerne auf meinen <br>Anrufbeantworter, ich rufe Sie umgehend<br>pers\u00f6nlich zur\u00fcck. Telefon: 08074\/917561<br><\/p>\n\n\n\n<p>MONIKA JAEGER<br>Praxis f\u00fcr klassische Hom\u00f6opathie<br>Wimpasing 11<br>83123 Amerang<\/p>\n\n\n\n<p><em>Mitten im Gr\u00fcnen:<\/em><br>48\u00b001&#8217;33.2&#8243;N 12\u00b020&#8217;23.9&#8243;E<br><a rel=\"noreferrer noopener\" href=\"https:\/\/www.google.com\/maps\/place\/Heilpraktikerin+MONIKA+JAEGER\/@48.0261103,12.3378089,779m\/data=!3m2!1e3!4b1!4m5!3m4!1s0x47760927ac293cff:0xa7de2e0bd50b5573!8m2!3d48.0261103!4d12.3399976\" target=\"_blank\" data-type=\"URL\" data-id=\"https:\/\/www.google.com\/maps\/place\/Heilpraktikerin+MONIKA+JAEGER\/@48.0261103,12.3378089,779m\/data=!3m2!1e3!4b1!4m5!3m4!1s0x47760927ac293cff:0xa7de2e0bd50b5573!8m2!3d48.0261103!4d12.3399976\">In Google Maps anzeigen<\/a><\/p>\n\n\n\n<p><\/p>\n","protected":false},"excerpt":{"rendered":"<p>Ihr individueller Termin ist nur einen Anruf weit entfernt. Sprechen Sie gerne auf meinen Anrufbeantworter, ich rufe Sie umgehendpers\u00f6nlich zur\u00fcck. Telefon: 08074\/917561 MONIKA JAEGERPraxis f\u00fcr klassische Hom\u00f6opathieWimpasing 1183123 Amerang Mitten im Gr\u00fcnen:48\u00b001&#8217;33.2&#8243;N 12\u00b020&#8217;23.9&#8243;EIn Google Maps anzeigen<\/p>\n","protected":false},"author":1,"featured_media":0,"parent":0,"menu_order":0,"comment_status":"closed","ping_status":"closed","template":"","meta":{"footnotes":""},"class_list":["post-180","page","type-page","status-publish","hentry"],"_links":{"self":[{"href":"https:\/\/natuerlich-jaeger.de\/index.php?rest_route=\/wp\/v2\/pages\/180","targetHints":{"allow":["GET"]}}],"collection":[{"href":"https:\/\/natuerlich-jaeger.de\/index.php?rest_route=\/wp\/v2\/pages"}],"about":[{"href":"https:\/\/natuerlich-jaeger.de\/index.php?rest_route=\/wp\/v2\/types\/page"}],"author":[{"embeddable":true,"href":"https:\/\/natuerlich-jaeger.de\/index.php?rest_route=\/wp\/v2\/users\/1"}],"replies":[{"embeddable":true,"href":"https:\/\/natuerlich-jaeger.de\/index.php?rest_route=%2Fwp%2Fv2%2Fcomments&post=180"}],"version-history":[{"count":21,"href":"https:\/\/natuerlich-jaeger.de\/index.php?rest_route=\/wp\/v2\/pages\/180\/revisions"}],"predecessor-version":[{"id":461,"href":"https:\/\/natuerlich-jaeger.de\/index.php?rest_route=\/wp\/v2\/pages\/180\/revisions\/461"}],"wp:attachment":[{"href":"https:\/\/natuerlich-jaeger.de\/index.php?rest_route=%2Fwp%2Fv2%2Fmedia&parent=180"}],"curies":[{"name":"wp","href":"https:\/\/api.w.org\/{rel}","templated":true}]}}